{"id":1706,"date":"2026-03-13T14:44:13","date_gmt":"2026-03-13T13:44:13","guid":{"rendered":"http:\/\/new.gekkophotonics.pl\/?page_id=1706"},"modified":"2026-04-14T09:41:09","modified_gmt":"2026-04-14T07:41:09","slug":"polityka-jakosci","status":"publish","type":"page","link":"https:\/\/gekkophotonics.com\/en\/quality-policy\/","title":{"rendered":"Quality Policy"},"content":{"rendered":"<style>.elementor-1706 .elementor-element.elementor-element-2fd1a25{--display:flex;}body.elementor-page-1706:not(.elementor-motion-effects-element-type-background), body.elementor-page-1706 > .elementor-motion-effects-container > .elementor-motion-effects-layer{background-color:var( --e-global-color-blocksy_palette_6 );}<\/style>\t\t<div data-elementor-type=\"wp-page\" data-elementor-id=\"1706\" class=\"elementor elementor-1706\" data-elementor-post-type=\"page\">\n\t\t\t\t<div class=\"elementor-element elementor-element-2fd1a25 e-flex e-con-boxed e-con e-parent\" data-id=\"2fd1a25\" data-element_type=\"container\" data-e-type=\"container\">\n\t\t\t\t\t<div class=\"e-con-inner\">\n\t\t\t\t<div class=\"elementor-element elementor-element-2b27cd4 elementor-widget elementor-widget-html\" data-id=\"2b27cd4\" data-element_type=\"widget\" data-e-type=\"widget\" data-widget_type=\"html.default\">\n\t\t\t\t\t<section class=\"quality-policy\" style=\"max-width: 900px; margin: 0 auto; padding: 60px 24px; font-family: Arial, sans-serif; color: #1f2937; line-height: 1.75;\">\r\n\r\n  <header style=\"margin-bottom: 40px; border-bottom: 2px solid #e5e7eb; padding-bottom: 20px;\">\r\n    <h1 style=\"font-size: 2rem; margin: 0; letter-spacing: 0.5px;\">\r\n      QUALITY POLICY\r\n    <\/h1>\r\n    <p style=\"margin: 8px 0 0 0; font-size: 1.1rem; color: #374151;\">\r\n      Gekko Photonics\r\n    <\/p>\r\n  <\/header>\r\n\r\n  <div style=\"font-size: 1.05rem;\">\r\n\r\n    <p>\r\n      High quality of products and services, along with comprehensive Customer support,.\r\n    <\/p>\r\n\r\n    <p>\r\n      We continuously improve our processes to provide process analytics solutions.\r\n    <\/p>\r\n\r\n    <p style=\"margin-top: 28px;\">\r\n      In order to implement the above assumptions:\r\n    <\/p>\r\n\r\n    <ul style=\"padding-left: 22px; margin-top: 10px;\">\r\n      <li>\r\n        we ensure full control over the design and implementation process of solutions,\r\n      <\/li>\r\n\r\n      <li>\r\n        we conduct individual and comprehensive quality control of all solutions,\r\n      <\/li>\r\n\r\n      <li>\r\n        we provide Customers with professional technical consultation at the stage of,\r\n      <\/li>\r\n\r\n      <li>\r\n        we support Partners substantively in the areas of sales, implementation,\r\n      <\/li>\r\n\r\n      <li>\r\n        we carefully select suppliers and subcontractors and monitor the quality,\r\n      <\/li>\r\n\r\n      <li>\r\n        we systematically enhance the qualifications of our employees,\r\n      <\/li>\r\n\r\n      <li>\r\n        we implement a modern Quality Management System and continuously improve it,\r\n      <\/li>\r\n\r\n      <li>\r\n        we create a work environment where Customer satisfaction is the overriding.\r\n      <\/li>\r\n    <\/ul>\r\n\r\n    <p style=\"margin-top: 28px;\">\r\n      To meet Customers' quality requirements, our products and services comply\r\n      <strong>ISO 9001:2015<\/strong> and in compliance with all applicable requirements.\r\n    <\/p>\r\n\r\n    <p>\r\n      This Quality Policy provides the framework for establishing the Company's quality objectives.\r\n    <\/p>\r\n\r\n  <\/div>\r\n\r\n  <div style=\"margin-top: 60px;\">\r\n    <p style=\"margin-bottom: 40px;\">\r\n      As the President of the Management Board of Gekko Photonics, I declare my personal commitment.\r\n    <\/p>\r\n\r\n    <div style=\"margin-top: 50px;\">\r\n      <p style=\"margin: 0; font-weight: 600;\">Robert Stachurski<\/p>\r\n      <p style=\"margin: 4px 0 0 0; color: #4b5563;\">President of the Management Board<\/p>\r\n      <p style=\"margin: 4px 0 0 0; color: #4b5563;\">Gekko Photonics<\/p>\r\n    <\/div>\r\n  <\/div>\r\n\r\n<\/section>\t\t\t\t<\/div>\n\t\t\t\t\t<\/div>\n\t\t\t\t<\/div>\n\t\t\t\t<\/div>","protected":false},"excerpt":{"rendered":"<p>POLITYKA JAKO\u015aCI Gekko Photonics Wysoka jako\u015b\u0107 produkt\u00f3w i us\u0142ug, a tak\u017ce kompleksowe wsparcie Klienta, stanowi\u0105 kluczowy element strategii Gekko Photonics. Satysfakcja Klient\u00f3w jest warunkiem utrzymania silnej pozycji rynkowej oraz dalszego, zr\u00f3wnowa\u017conego rozwoju Sp\u00f3\u0142ki. Nieustannie doskonalimy nasze procesy, aby zapewnia\u0107 rozwi\u0105zania analityki procesowej oraz analizatory spe\u0142niaj\u0105ce najwy\u017csze standardy jako\u015bci, uzupe\u0142nione o profesjonalne wsparcie techniczne realizowane we [&hellip;]<\/p>\n","protected":false},"author":1,"featured_media":0,"parent":0,"menu_order":0,"comment_status":"closed","ping_status":"closed","template":"","meta":{"_acf_changed":false,"footnotes":""},"class_list":["post-1706","page","type-page","status-publish","hentry"],"blocksy_meta":[],"acf":[],"aioseo_notices":[],"_links":{"self":[{"href":"https:\/\/gekkophotonics.com\/en\/wp-json\/wp\/v2\/pages\/1706","targetHints":{"allow":["GET"]}}],"collection":[{"href":"https:\/\/gekkophotonics.com\/en\/wp-json\/wp\/v2\/pages"}],"about":[{"href":"https:\/\/gekkophotonics.com\/en\/wp-json\/wp\/v2\/types\/page"}],"author":[{"embeddable":true,"href":"https:\/\/gekkophotonics.com\/en\/wp-json\/wp\/v2\/users\/1"}],"replies":[{"embeddable":true,"href":"https:\/\/gekkophotonics.com\/en\/wp-json\/wp\/v2\/comments?post=1706"}],"version-history":[{"count":4,"href":"https:\/\/gekkophotonics.com\/en\/wp-json\/wp\/v2\/pages\/1706\/revisions"}],"predecessor-version":[{"id":1710,"href":"https:\/\/gekkophotonics.com\/en\/wp-json\/wp\/v2\/pages\/1706\/revisions\/1710"}],"wp:attachment":[{"href":"https:\/\/gekkophotonics.com\/en\/wp-json\/wp\/v2\/media?parent=1706"}],"curies":[{"name":"entry","href":"https:\/\/api.w.org\/{rel}","templated":true}]}}