{"id":1706,"date":"2026-03-13T14:44:13","date_gmt":"2026-03-13T13:44:13","guid":{"rendered":"http:\/\/new.gekkophotonics.pl\/?page_id=1706"},"modified":"2026-04-14T09:41:09","modified_gmt":"2026-04-14T07:41:09","slug":"polityka-jakosci","status":"publish","type":"page","link":"https:\/\/gekkophotonics.com\/de\/qualitaetspolitik\/","title":{"rendered":"Qualit\u00e4tsrichtlinie"},"content":{"rendered":"<style>.elementor-1706 .elementor-element.elementor-element-2fd1a25{--display:flex;}body.elementor-page-1706:not(.elementor-motion-effects-element-type-background), body.elementor-page-1706 > .elementor-motion-effects-container > .elementor-motion-effects-layer{background-color:var( --e-global-color-blocksy_palette_6 );}<\/style>\t\t<div data-elementor-type=\"wp-page\" data-elementor-id=\"1706\" class=\"elementor elementor-1706\" data-elementor-post-type=\"page\">\n\t\t\t\t<div class=\"elementor-element elementor-element-2fd1a25 e-flex e-con-boxed e-con e-parent\" data-id=\"2fd1a25\" data-element_type=\"container\" data-e-type=\"container\">\n\t\t\t\t\t<div class=\"e-con-inner\">\n\t\t\t\t<div class=\"elementor-element elementor-element-2b27cd4 elementor-widget elementor-widget-html\" data-id=\"2b27cd4\" data-element_type=\"widget\" data-e-type=\"widget\" data-widget_type=\"html.default\">\n\t\t\t\t\t<section class=\"quality-policy\" style=\"max-width: 900px; margin: 0 auto; padding: 60px 24px; font-family: Arial, sans-serif; color: #1f2937; line-height: 1.75;\">\r\n\r\n  <header style=\"margin-bottom: 40px; border-bottom: 2px solid #e5e7eb; padding-bottom: 20px;\">\r\n    <h1 style=\"font-size: 2rem; margin: 0; letter-spacing: 0.5px;\">\r\n      QUALIT\u00c4TSPOLITIK\r\n    <\/h1>\r\n    <p style=\"margin: 8px 0 0 0; font-size: 1.1rem; color: #374151;\">\r\n      Gekko Photonics\r\n    <\/p>\r\n  <\/header>\r\n\r\n  <div style=\"font-size: 1.05rem;\">\r\n\r\n    <p>\r\n      Hohe Produkt- und Dienstleistungsqualit\u00e4t sowie umfassende Kundenunterst\u00fctzung.\r\n    <\/p>\r\n\r\n    <p>\r\n      Wir verbessern unsere Prozesse kontinuierlich, um L\u00f6sungen f\u00fcr die.\r\n    <\/p>\r\n\r\n    <p style=\"margin-top: 28px;\">\r\n      Zur Umsetzung der oben genannten Grunds\u00e4tze:\r\n    <\/p>\r\n\r\n    <ul style=\"padding-left: 22px; margin-top: 10px;\">\r\n      <li>\r\n        gew\u00e4hrleisten wir durch eigene Messtechnologien und tiefgreifende Kenntnis,\r\n      <\/li>\r\n\r\n      <li>\r\n        f\u00fchren wir eine individuelle und umfassende Qualit\u00e4tskontrolle aller,\r\n      <\/li>\r\n\r\n      <li>\r\n        bieten wir unseren Kunden professionelle technische Beratung in den Phasen,\r\n      <\/li>\r\n\r\n      <li>\r\n        unterst\u00fctzen wir unsere Partner fachlich in den Bereichen Vertrieb, Implementierung,\r\n      <\/li>\r\n\r\n      <li>\r\n        w\u00e4hlen wir unsere Lieferanten und Subunternehmer sorgf\u00e4ltig aus und \u00fcberwachen,\r\n      <\/li>\r\n\r\n      <li>\r\n        qualifizieren wir unsere Mitarbeiter systematisch weiter und entwickeln,\r\n      <\/li>\r\n\r\n      <li>\r\n        implementieren wir ein modernes Qualit\u00e4tsmanagementsystem und verbessern,\r\n      <\/li>\r\n\r\n      <li>\r\n        schaffen wir ein Arbeitsumfeld, in dem die Kundenzufriedenheit das.\r\n      <\/li>\r\n    <\/ul>\r\n\r\n    <p style=\"margin-top: 28px;\">\r\n      Um die Qualit\u00e4tsanforderungen unserer Kunden zu erf\u00fcllen, entsprechen unsere\r\n      <strong>ISO 9001:2015<\/strong> und unter Einhaltung aller anwendbaren Anforderungen durchgef\u00fchrt.\r\n    <\/p>\r\n\r\n    <p>\r\n      Diese Qualit\u00e4tspolitik bildet den Rahmen f\u00fcr die Festlegung der Qualit\u00e4tsziele.\r\n    <\/p>\r\n\r\n  <\/div>\r\n\r\n  <div style=\"margin-top: 60px;\">\r\n    <p style=\"margin-bottom: 40px;\">\r\n      Als Vorstandsvorsitzender von Gekko Photonics erkl\u00e4re ich mein pers\u00f6nliches Engagement.\r\n    <\/p>\r\n\r\n    <div style=\"margin-top: 50px;\">\r\n      <p style=\"margin: 0; font-weight: 600;\">Robert Stachurski<\/p>\r\n      <p style=\"margin: 4px 0 0 0; color: #4b5563;\">Vorstandsvorsitzender<\/p>\r\n      <p style=\"margin: 4px 0 0 0; color: #4b5563;\">Gekko Photonics<\/p>\r\n    <\/div>\r\n  <\/div>\r\n\r\n<\/section>\t\t\t\t<\/div>\n\t\t\t\t\t<\/div>\n\t\t\t\t<\/div>\n\t\t\t\t<\/div>","protected":false},"excerpt":{"rendered":"<p>POLITYKA JAKO\u015aCI Gekko Photonics Wysoka jako\u015b\u0107 produkt\u00f3w i us\u0142ug, a tak\u017ce kompleksowe wsparcie Klienta, stanowi\u0105 kluczowy element strategii Gekko Photonics. Satysfakcja Klient\u00f3w jest warunkiem utrzymania silnej pozycji rynkowej oraz dalszego, zr\u00f3wnowa\u017conego rozwoju Sp\u00f3\u0142ki. Nieustannie doskonalimy nasze procesy, aby zapewnia\u0107 rozwi\u0105zania analityki procesowej oraz analizatory spe\u0142niaj\u0105ce najwy\u017csze standardy jako\u015bci, uzupe\u0142nione o profesjonalne wsparcie techniczne realizowane we [&hellip;]<\/p>\n","protected":false},"author":1,"featured_media":0,"parent":0,"menu_order":0,"comment_status":"closed","ping_status":"closed","template":"","meta":{"_acf_changed":false,"footnotes":""},"class_list":["post-1706","page","type-page","status-publish","hentry"],"blocksy_meta":[],"acf":[],"aioseo_notices":[],"_links":{"self":[{"href":"https:\/\/gekkophotonics.com\/de\/wp-json\/wp\/v2\/pages\/1706","targetHints":{"allow":["GET"]}}],"collection":[{"href":"https:\/\/gekkophotonics.com\/de\/wp-json\/wp\/v2\/pages"}],"about":[{"href":"https:\/\/gekkophotonics.com\/de\/wp-json\/wp\/v2\/types\/page"}],"author":[{"embeddable":true,"href":"https:\/\/gekkophotonics.com\/de\/wp-json\/wp\/v2\/users\/1"}],"replies":[{"embeddable":true,"href":"https:\/\/gekkophotonics.com\/de\/wp-json\/wp\/v2\/comments?post=1706"}],"version-history":[{"count":4,"href":"https:\/\/gekkophotonics.com\/de\/wp-json\/wp\/v2\/pages\/1706\/revisions"}],"predecessor-version":[{"id":1710,"href":"https:\/\/gekkophotonics.com\/de\/wp-json\/wp\/v2\/pages\/1706\/revisions\/1710"}],"wp:attachment":[{"href":"https:\/\/gekkophotonics.com\/de\/wp-json\/wp\/v2\/media?parent=1706"}],"curies":[{"name":"wp","href":"https:\/\/api.w.org\/{rel}","templated":true}]}}